{"id":1092,"date":"2022-01-31T16:55:41","date_gmt":"2022-01-31T15:55:41","guid":{"rendered":"https:\/\/ecra-group.de\/datenschutzerklaerung\/"},"modified":"2022-01-31T16:55:45","modified_gmt":"2022-01-31T15:55:45","slug":"datenschutzerklaerung","status":"publish","type":"page","link":"https:\/\/icra-investigation.de\/en\/datenschutzerklaerung\/","title":{"rendered":"Datenschutzerkl\u00e4rung"},"content":{"rendered":"<p><div class=\"fusion-fullwidth fullwidth-box fusion-builder-row-1 fusion-flex-container nonhundred-percent-fullwidth non-hundred-percent-height-scrolling\" style=\"--awb-border-radius-top-left:0px;--awb-border-radius-top-right:0px;--awb-border-radius-bottom-right:0px;--awb-border-radius-bottom-left:0px;--awb-flex-wrap:wrap;\" ><div class=\"fusion-builder-row fusion-row fusion-flex-align-items-flex-start fusion-flex-content-wrap\" style=\"max-width:1248px;margin-left: calc(-4% \/ 2 );margin-right: calc(-4% \/ 2 );\"><div class=\"fusion-layout-column fusion_builder_column fusion-builder-column-0 fusion_builder_column_1_1 1_1 fusion-flex-column\" style=\"--awb-bg-size:cover;--awb-width-large:100%;--awb-margin-top-large:0px;--awb-spacing-right-large:1.92%;--awb-margin-bottom-large:20px;--awb-spacing-left-large:1.92%;--awb-width-medium:100%;--awb-order-medium:0;--awb-spacing-right-medium:1.92%;--awb-spacing-left-medium:1.92%;--awb-width-small:100%;--awb-order-small:0;--awb-spacing-right-small:1.92%;--awb-spacing-left-small:1.92%;\"><div class=\"fusion-column-wrapper fusion-column-has-shadow fusion-flex-justify-content-flex-start fusion-content-layout-column\"><div class=\"fusion-text fusion-text-1\" style=\"--awb-font-size:22px;--awb-text-transform:none;\"><h1><span class=\"ez-toc-section\" id=\"Datenschutzerklarung\"><\/span>Datenschutzerkl\u00e4rung<span class=\"ez-toc-section-end\"><\/span><\/h1>\n<\/div><\/div><\/div><\/div><\/div><div class=\"fusion-fullwidth fullwidth-box fusion-builder-row-2 fusion-flex-container nonhundred-percent-fullwidth non-hundred-percent-height-scrolling\" style=\"--awb-border-radius-top-left:0px;--awb-border-radius-top-right:0px;--awb-border-radius-bottom-right:0px;--awb-border-radius-bottom-left:0px;--awb-flex-wrap:wrap;\" ><div class=\"fusion-builder-row fusion-row fusion-flex-align-items-flex-start fusion-flex-content-wrap\" style=\"max-width:1248px;margin-left: calc(-4% \/ 2 );margin-right: calc(-4% \/ 2 );\"><div class=\"fusion-layout-column fusion_builder_column fusion-builder-column-1 fusion_builder_column_1_1 1_1 fusion-flex-column\" style=\"--awb-bg-size:cover;--awb-width-large:100%;--awb-margin-top-large:0px;--awb-spacing-right-large:1.92%;--awb-margin-bottom-large:0px;--awb-spacing-left-large:1.92%;--awb-width-medium:100%;--awb-spacing-right-medium:1.92%;--awb-spacing-left-medium:1.92%;--awb-width-small:100%;--awb-spacing-right-small:1.92%;--awb-spacing-left-small:1.92%;\"><div class=\"fusion-column-wrapper fusion-flex-justify-content-flex-start fusion-content-layout-column\"><div class=\"fusion-text fusion-text-2\" style=\"--awb-text-transform:none;\"><p>Wir freuen uns \u00fcber Ihren Besuch auf unserer Website und \u00fcber Ihr Interesse an unserem Angebot. Wir wollen, dass Sie sich auf unserer Website wohlf\u00fchlen und sich keine Sorgen \u00fcber die Vertraulichkeit Ihrer Daten machen m\u00fcssen. Wir f\u00fchlen uns dem Datenschutz sehr verpflichtet und halten Transparenz im Umgang mit Ihren Daten f\u00fcr sehr wichtig. Darum m\u00f6chten wir Sie gerne dar\u00fcber informieren, welche Daten wir erheben, zu welchem Zweck wir dies tun und wie Sie jederzeit die Kontrolle \u00fcber Ihre Daten aus\u00fcben k\u00f6nnen.<\/p>\n<h2><span class=\"ez-toc-section\" id=\"1_Verantwortlicher\"><\/span>1. Verantwortlicher<span class=\"ez-toc-section-end\"><\/span><\/h2>\n<p>Verantwortlicher im Sinne des Gesetzes f\u00fcr die Verarbeitung der Daten ist:<\/p>\n<p>ICRA GmbH<br \/>\nLuitpoldstra\u00dfe 6<br \/>\n91207 Lauf an der Pegnitz<br \/>\ninfo@icra-investigation.de<\/p>\n<h2><span class=\"ez-toc-section\" id=\"2_Kategorien_von_Daten_Zweck_und_Rechtsgrundlage_der_Verarbeitung\"><\/span>2. Kategorien von Daten, Zweck und Rechtsgrundlage der Verarbeitung<span class=\"ez-toc-section-end\"><\/span><\/h2>\n<p class=\"p1\">Sie k\u00f6nnen unsere Website nat\u00fcrlich besuchen, ohne Angaben \u00fcber Ihre Person zu machen. Die Datenschutzhinweise k\u00f6nnen Sie \u00fcber den Link am Fu\u00dfe jeder Seite aufrufen.<\/p>\n<p class=\"p1\">Wir verwenden Ihre personenbezogenen Daten im Rahmen des Besuchs unserer Website nur zum Betrieb und zur Optimierung unserer Website. Zu diesem Zweck wird die IP-Adresse, diverse technische Daten des Endger\u00e4ts (z.B. Betriebssystem, verwendeter Browser usw.) sowie Daten \u00fcber die Nutzung unserer Website erfasst. Wir speichern diese Daten nicht \u00fcber die gesetzlichen Aufbewahrungsfristen bzw. die Zweckerf\u00fcllung hinaus. Eine Verarbeitung dieser Daten ist n\u00f6tig, um den Betrieb der Website zu gew\u00e4hrleisten. Sollten Sie mit dieser Verarbeitung nicht einverstanden sein, k\u00f6nnen wir Ihnen unser Onlineangebot nicht zur Verf\u00fcgung stellen. Diese Information werten wir statistisch aus, um die Nutzung unserer Website f\u00fcr alle Besucher noch angenehmer zu gestalten. Eine Verkn\u00fcpfung mit evtl. bereits bei uns gespeicherten personenbezogenen Daten findet nicht statt. Die im Rahmen der Nutzung der Website angefallen Daten werden sp\u00e4testens nach 14 Monaten gel\u00f6scht. Die Speicherung der Daten kann im Einzelfall zum Durchsetzen von Rechtsanspr\u00fcchen, zur Verteidigung gegen etwaige Rechtsanspr\u00fcche oder durch rechtliche Verpflichtungen verl\u00e4ngert werden.<\/p>\n<p class=\"p3\">Die Verarbeitung der personenbezogenen Daten zum Zweck des Betriebs der Website sowie der Netz- und Informationssicherheit basiert auf Grundlage des Art. 6 Abs. 1 S. 1 lit f) DSGVO. Es besteht keine gesetzliche oder vertragliche Verpflichtung Ihrerseits Daten im Rahmen der Nutzung unserer Website zur Verf\u00fcgung zu stellen. Ein Betrieb der Website oder Beantwortung Ihrer Anfragen, ist jedoch ohne Verarbeitung Ihrer Daten nicht m\u00f6glich.<\/p>\n<h2><span class=\"ez-toc-section\" id=\"3_Empfanger_der_Daten\"><\/span>3. Empf\u00e4nger der Daten<span class=\"ez-toc-section-end\"><\/span><\/h2>\n<p>Eine Offenlegung ihrer Daten an Dritte findet nicht statt, es sei denn es gibt eine rechtliche Verpflichtung die Daten zu \u00fcbermitteln. Diese Verarbeitung erfolgt auf Grundlage von Artikel 6 (1) c) DSGVO und in Verbindung mit der jeweiligen Anordnung oder der gesetzlichen Verpflichtung, der wir im Einzelfall unterliegen. Nach Artikel 6 (1) c) DSGVO ist es gestattet, personenbezogene Daten zu verarbeiten, wenn die Verarbeitung zur Erf\u00fcllung einer rechtlichen Verpflichtung erforderlich ist, der der Verantwortliche unterliegt. Kategorien von Empf\u00e4ngern der Daten sind \u00f6ffentliche Stellen im Falle einer rechtlichen Verpflichtung und Auftragsverarbeiter, die in unserem Auftrag die online erfassten Daten verarbeiten, sowie ggf. gemeinsam mit uns f\u00fcr die Verarbeitung Verantwortliche. Beteiligte Auftragsverarbeiter sind:<\/p>\n<p>Mailgun Technologies, Inc.<br \/>\nSTRATO AG<br \/>\nServicespiegel, Thomas Gauck<\/p>\n<h2><span class=\"ez-toc-section\" id=\"4_Kontaktformular\"><\/span>4. Kontaktformular<span class=\"ez-toc-section-end\"><\/span><\/h2>\n<p>Beim Ausf\u00fcllen des Kontaktformulars stellen Sie uns personenbezogene Daten zur Verf\u00fcgung. Wir k\u00f6nnen folgende Arten von Daten erheben: Namen, E-Mail-Adresse, Telefonnummer und Informationen zur Erstellung eines individuellen Angebots. Wir nutzen diese Daten lediglich zur Beantwortung Ihrer speziellen Anfrage oder Anforderung und zur Bereitstellung von Informationen. Um Ihre Daten zu sch\u00fctzen, verwenden wir, bei der \u00dcbertragung an uns, ein anerkanntes Verschl\u00fcsselungsverfahren. Wir werden Ihre pers\u00f6nlichen Daten f\u00fcr den Zeitraum aufbewahren, der notwendig ist, um die in diesen Hinweisen beschriebenen Zwecke zu erf\u00fcllen. Gesetzliche Aufbewahrungsfristen bleiben unber\u00fchrt.<br \/>\nRechtsgrundlage der Verarbeitung ist Art. 6 Abs. 1 S. 1 lit a, sowie im Falle von vorvertraglichen Ma\u00dfnahmen Art. 6 Abs. 1 S. 1 lit. b DSGVO. Das Abschicken des Formulars stellt Ihre Einwilligung in die Verarbeitung der Daten dar.<\/p>\n<h2><span class=\"ez-toc-section\" id=\"5_Newsletter\"><\/span>5. Newsletter<span class=\"ez-toc-section-end\"><\/span><\/h2>\n<p>Wenn Sie den auf der Website angebotenen Newsletter beziehen m\u00f6chten, verarbeiten wir mindestens Ihre E-Mail-Adresse, und optional Ihren Namen Diese Daten verwenden wir ausschlie\u00dflich f\u00fcr den Versand der angeforderten Informationen und geben diese nicht an Dritte weiter.<\/p>\n<p>Die Verarbeitung der in das\u202fNewsletteranmeldeformular\u202feingegebenen Daten erfolgt ausschlie\u00dflich auf Grundlage Ihrer Einwilligung (Art. 6 Abs. 1 lit. a DSGVO). Die erteilte Einwilligung zur Speicherung der Daten, der E-Mail-Adresse sowie deren Nutzung zum Versand des Newsletters k\u00f6nnen Sie jederzeit widerrufen, etwa \u00fcber den &#8220;Austragen&#8221;-Link im Newsletter. Die Rechtm\u00e4\u00dfigkeit der bereits erfolgten Datenverarbeitungsvorg\u00e4nge bleibt vom Widerruf unber\u00fchrt.<br \/>\nDie von Ihnen zum Zwecke des Newsletter-Bezugs bei uns hinterlegten Daten werden von uns bis zu Ihrer Austragung aus dem Newsletter gespeichert und nach der Abbestellung des Newsletters gesperrt. Nach Ablauf der gesetzlichen Aufbewahrungsfrist von drei Jahren (regelm\u00e4\u00dfige Verj\u00e4hrung) werden diese Daten gel\u00f6scht. Daten, die zu anderen\u202fZwecken bei uns gespeichert wurden bleiben hiervon unber\u00fchrt.<\/p>\n<p>Der\u202fVersand von Newslettern\u202ferfolgt durch\u202fdie Mailgun Technologies, Inc. 112 E Pecan St #1135, San Antonio, TX 78205 (USA) bzw. deren Tochter Mailjet SAS.<br \/>\nMailjet ist ein Dienst, mit dem der\u202fNewsletterversand\u202forganisiert und analysiert werden kann. Die von Ihnen zwecks Newsletter-Bezug eingegebenen Daten (z. B. E-Mail-Adresse) werden auf den Servern von Mailjet in Deutschland gespeichert.\u202f\u202f Unsere mit Mailjet versandten Newsletter erm\u00f6glichen uns die Analyse des Verhaltens der\u202fNewsletterempf\u00e4nger. Hierbei kann u. a analysiert werden, wie viele Empf\u00e4nger die Newsletternachricht ge\u00f6ffnet haben und wie oft welcher Link im Newsletter angeklickt wurde. Mit Hilfe des sogenannten\u202fConversion-Trackings\u202fkann au\u00dferdem analysiert werden, ob nach Anklicken des Links im Newsletter eine vorab definierte Aktion (z. B. Kauf eines\u202fProdukts auf unserer Website) erfolgt ist. Weitere Informationen zur Datenanalyse durch Mailjet erhalten Sie unter:<\/p>\n<p>Die Datenverarbeitung erfolgt auf Grundlage Ihrer Einwilligung nach Art. 6 Abs. 1 S. 1\u202flit. a DSGVO. Sie k\u00f6nnen diese Einwilligung jederzeit widerrufen, indem Sie den Newsletter abbestellen. Die Rechtm\u00e4\u00dfigkeit der bereits erfolgten Datenverarbeitungsvorg\u00e4nge bleibt vom Widerruf unber\u00fchrt. Wenn Sie keine Analyse durch Mailjet wollen, m\u00fcssen Sie den Newsletter abbestellen.\u202fHierf\u00fcr stellen wir Ihnen in jeder\u202fNewsletternachricht\u202feinen entsprechenden Link zur Verf\u00fcgung.<br \/>\nDie von Ihnen zum Zwecke des Newsletter-Bezugs bei uns hinterlegten Daten werden von uns bis zu Ihrer Austragung aus dem Newsletter gespeichert und nach der Abbestellung des Newsletters sowohl von unseren Servern als auch von den Servern von\u202fMailjet gel\u00f6scht. Daten, die zu anderen Zwecken bei uns gespeichert wurden, bleiben hiervon unber\u00fchrt.\u202f\u202f \u2028N\u00e4heres entnehmen Sie den Datenschutzbestimmungen von Mailjet:<\/p>\n<p><a href=\"https:\/\/www.mailjet.de\/privacy-policy\/\" target=\"_blank\" rel=\"noopener\">https:\/\/www.mailjet.de\/privacy-policy\/<\/a><\/p>\n<p class=\"p1\">Wir haben mit Mailjet eine Auftragsverarbeitungsvereinbarung abgeschlossen, die die Standardvertragsklauseln enth\u00e4lt.<\/p>\n<h2><span class=\"ez-toc-section\" id=\"6_Cookies\"><\/span>6. Cookies<span class=\"ez-toc-section-end\"><\/span><\/h2>\n<p>Wir verwenden auf unserer Website Session Cookies. Nachfolgend wollen wir Ihnen kurz den Zweck dieser Cookies erl\u00e4utern. Cookies sind kurze Textschnipsel, die wir auf Ihrem Computer speichern. Cookies f\u00fchren keine Befehle auf Ihrem Computer aus, stellen also kein Sicherheitsrisiko dar.<br \/>\nSession Cookies speichern gewisse Informationen, w\u00e4hrend Sie auf unserer Website browsen und werden nicht permanent gespeichert, sondern wieder gel\u00f6scht, wenn Sie unsere Website verlassen.<br \/>\nDie Verwendung von Session Cookies erfolgt auf Grundlage des Artikels 6 Abs. 1 f). Der Betrieb der Website liegt im berechtigten Interesse des Verantwortlichen.<br \/>\nSie k\u00f6nnen die Handhabung von Cookies in Ihrem Browser selbst festlegen, sie k\u00f6nnen Cookies sogar ganz ablehnen oder Ihren Browser so konfigurieren, dass Cookies regelm\u00e4\u00dfig gel\u00f6scht werden. Hierzu finden Sie im Internet ausreichend Information.<\/p>\n<h2><span class=\"ez-toc-section\" id=\"7_Google_reCAPTCHA\"><\/span>7. Google reCAPTCHA<span class=\"ez-toc-section-end\"><\/span><\/h2>\n<p>Wir nutzen \u201cGoogle\u00a0reCAPTCHA\u201d (im Folgenden \u201creCAPTCHA\u201d) auf unseren Websites.\u00a0Anbieter\u00a0ist\u00a0die Google Inc., 1600 Amphitheatre Parkway, Mountain View, CA 94043, USA (\u201cGoogle\u201d).<br \/>\nMit\u00a0reCAPTCHA\u00a0soll \u00fcberpr\u00fcft werden, ob die Dateneingabe auf unseren Websites (z.B. in einem Kontaktformular) durch einen Menschen oder durch ein automatisiertes Programm erfolgt. Hierzu analysiert\u00a0reCAPTCHA\u00a0das Verhalten des Websitebesuchers anhand verschiedener Merkmale. Diese Analyse beginnt automatisch, sobald der Websitebesucher die Website betritt. Zur Analyse wertet\u00a0reCAPTCHA\u00a0verschiedene Informationen aus (z.B. IP-Adresse, Verweildauer des Websitebesuchers auf der Website oder vom Nutzer get\u00e4tigte Mausbewegungen). Die bei der Analyse erfassten Daten werden an Google weitergeleitet.<br \/>\nDie\u00a0reCAPTCHA-Analysen laufen vollst\u00e4ndig im Hintergrund. Websitebesucher werden nicht darauf hingewiesen, dass eine Analyse stattfindet.<br \/>\nDie Datenverarbeitung erfolgt auf Grundlage von Art. 6 Abs. 1 lit. f DSGVO. Der Websitebetreiber hat ein berechtigtes Interesse daran, seine Webangebote vor missbr\u00e4uchlicher automatisierter Aussp\u00e4hung und vor SPAM zu sch\u00fctzen.<br \/>\nWeitere Informationen zu Google\u00a0reCAPTCHA\u00a0sowie die Datenschutzerkl\u00e4rung von Google entnehmen Sie folgenden Links:<\/p>\n<p><a href=\"https:\/\/www.google.com\/intl\/de\/policies\/privacy\/\" target=\"_blank\" rel=\"noopener\">https:\/\/www.google.com\/intl\/de\/policies\/privacy\/<\/a>\u00a0und<br \/>\n<a href=\"https:\/\/www.google.com\/recaptcha\/intro\/android.html\" target=\"_blank\" rel=\"noopener\">https:\/\/www.google.com\/recaptcha\/intro\/android.html<\/a>.<\/p>\n<h2><span class=\"ez-toc-section\" id=\"8_Google_Web_Fonts\"><\/span>8. Google Web Fonts<span class=\"ez-toc-section-end\"><\/span><\/h2>\n<p class=\"p1\">Diese Seite nutzt zur einheitlichen Darstellung von Schriftarten so genannte Webfonts, die von Google bereitgestellt werden. <span class=\"s1\">Die Google Fonts sind lokal installiert. Eine Verbindung zu Servern von Google findet dabei nicht statt.<\/span><\/p>\n<p class=\"p1\">Wenn Ihr Browser Web Fonts nicht unterst\u00fctzt, wird eine Standardschrift von Ihrem Computer genutzt.<\/p>\n<p class=\"p1\">Weitere Informationen zu Google Web Fonts finden Sie unter<\/p>\n<p class=\"p1\">\u202f<a href=\"https:\/\/developers.google.com\/fonts\/faq\" target=\"_blank\" rel=\"noopener\"><span class=\"s2\">https:\/\/developers.google.com\/fonts\/faq<\/span><\/a>\u202fund in den Datenschutzhinweisen von Google:<\/p>\n<p class=\"p2\"><span class=\"s3\">\u202f<a href=\"https:\/\/www.google.com\/policies\/privacy\/\" target=\"_blank\" rel=\"noopener\"><span class=\"s2\">https:\/\/www.google.com\/policies\/privacy\/<\/span><\/a>.\u202f\u00a0<\/span><\/p>\n<h2><span class=\"ez-toc-section\" id=\"9_Google_Maps\"><\/span>9. Google Maps<span class=\"ez-toc-section-end\"><\/span><\/h2>\n<p>Diese Seite nutzt \u00fcber eine API den Kartendienst Google\u202fMaps.\u00a0Anbieter\u00a0ist\u00a0die Google Inc., 1600\u202fAmphitheatre\u202fParkway, Mountain View, CA 94043, USA.<br \/>\nZur Nutzung der Funktionen von Google\u202fMaps\u202fist es notwendig, Ihre IP-Adresse zu speichern. Diese Informationen werden in der Regel an einen Server von Google in den USA \u00fcbertragen und dort gespeichert. Der Anbieter dieser Seite hat keinen Einfluss auf diese Daten\u00fcbertragung.<br \/>\nDie \u00dcbertragung von Daten in die USA erfolgt auf Grundlage der Standardvertragsklauseln, die wir mit Google abgeschlossen haben.<br \/>\nGoogle\u00a0Maps\u00a0wird nur\u00a0verwendet, wenn sie\u00a0der Nutzung von Google\u00a0Maps\u00a0zustimmen. Rechtsgrundlage ist Ihre Einwilligung nach Art. 6 Abs. 1 S. 1 lit. a.<br \/>\nMehr Informationen zum Umgang mit Nutzerdaten finden Sie in den Datenschutzhinweisen von Google:<br \/>\n<a href=\"https:\/\/www.google.de\/intl\/de\/policies\/privacy\/\" target=\"_blank\" rel=\"noopener\">https:\/\/www.google.de\/intl\/de\/policies\/privacy\/<\/a>.<\/p>\n<h2><span class=\"ez-toc-section\" id=\"10_Matomo\"><\/span>10. Matomo<span class=\"ez-toc-section-end\"><\/span><\/h2>\n<p>Diese Webseite benutzt\u00a0die Open-Source-Software \u201eMatomo\u201c,\u00a0https:\/\/matomo.org\/\u00a0(ehemals\u00a0Piwik). Matomo ist so eingestellt, dass beim Aufruf der Website keinerlei Cookies gesetzt und die IP-Adressen nicht vollst\u00e4ndig gespeichert werden. Eine Weitergabe der Daten an Dritte erfolgt nicht.\u00a0Eine Zuordnung der gek\u00fcrzten IP-Adresse zum aufrufenden Rechner ist nicht mehr m\u00f6glich.<br \/>\nDie Verarbeitung der personenbezogenen Daten der Nutzer erm\u00f6glicht uns eine Analyse des Surfverhaltens unserer Nutzer. Wir sind durch die Auswertung der gewonnen Daten in der Lage, Informationen \u00fcber die Nutzung der einzelnen Komponenten unserer Webseite zusammenzustellen. Dies hilft uns dabei unsere Webseite und deren Nutzerfreundlichkeit stetig zu verbessern. Rechtsgrundlage f\u00fcr die Verarbeitung der personenbezogenen Daten der Nutzer ist unser berechtigtes Interesse nach Art. 6 Abs. 1 lit.f DSGVO.<br \/>\nWir bieten unseren Nutzern auf unserer Website die M\u00f6glichkeit eines\u202fOpt-Out aus dem Analyseverfahren. Hierzu m\u00fcssen Sie dem entsprechenden Link folgen<\/p>\n<p id=\"matomo_opted_out_intro\" style=\"display:none;\">Opt-out complete; your visits to this website will not be recorded by the Web Analytics tool. Note that if you clear your cookies, delete the opt-out cookie, or if you change computers or Web browsers, you will need to perform the opt-out procedure again.<\/p><p id=\"matomo_opted_in_intro\" >You may choose to prevent this website from aggregating and analyzing the actions you take here. Doing so will protect your privacy, but will also prevent the owner from learning from your actions and creating a better experience for you and other users.<\/p><form>\n        <input type=\"checkbox\" id=\"matomo_optout_checkbox\" checked=\"checked\"\/>\n        <label for=\"matomo_optout_checkbox\"><strong>\n        <span id=\"matomo_opted_in_label\" >You are not opted out. Uncheck this box to opt-out.<\/span>\n\t\t<span id=\"matomo_opted_out_label\" style=\"display:none;\">You are currently opted out. Check this box to opt-in.<\/span>\n        <\/strong><\/label><\/form><noscript><p><strong style=\"color: #ff0000;\">This opt out feature requires JavaScript.<\/strong><\/p><\/noscript><p id=\"matomo_outout_err_cookies\" style=\"display: none;\"><strong>The tracking opt-out feature requires cookies to be enabled.<\/strong><\/p>\n<p>Auf diese Weise wird ein Cookie auf ihrem System gesetzt, der unserem System signalisiert die Daten des Nutzers nicht zu speichern. L\u00f6scht der Nutzer das entsprechende Cookie zwischenzeitlich vom eigenen System,\u202fso muss er den\u202fOpt-Out-Cookie erneut setzten. (Weitere Informationen finden Sie in diesen Hinweisen unter 6. Cookies).<\/p>\n<h2><span class=\"ez-toc-section\" id=\"11_Social_Media\"><\/span>11. Social Media<span class=\"ez-toc-section-end\"><\/span><\/h2>\n<p><strong>Plug-ins<\/strong><br \/>\nUnser Internet-Auftritt verwendet\u202fPlug-ins und Funktionen der sozialen Netzwerke Youtube (Google) und Vimeo.<br \/>\nDiese Dienste werden von\u2028der Google Inc., 1600 Amphitheatre Parkway Mountain View, CA 94043, USA,\u00a0\u2028bzw. der Vimeo Inc. 555 West 18th Street, New York, New York 10011, USA\u2028betrieben.<br \/>\nEine \u00dcbersicht \u00fcber die Facebook-Plug-ins\u202fund deren Aussehen finden Sie hier:<br \/>\n<a href=\"https:\/\/developers.facebook.com\/docs\/plugins\" target=\"_blank\" rel=\"noopener\">https:\/\/developers.facebook.com\/docs\/plugins\u202f<\/a><\/p>\n<p>Wenn Sie mit einem solchen Plug-in versehene Internetseiten unserer Internetpr\u00e4senz aufrufen, stellt Ihr Browser eine direkte Verbindung zu den Servern von Google\/Vimeo her. Der Inhalt der Plug-ins\u202fwird vom jeweiligen Anbieter direkt an Ihren Browser \u00fcbermittelt und in die Seite eingebunden. Durch die Einbindung der\u202fPlug-ins\u202ferh\u00e4lt der jeweilige Anbieter die Information, dass Ihr Browser die entsprechende Seite unseres Webauftritts aufgerufen hat, auch wenn Sie kein Profil besitzen oder gerade nicht eingeloggt sind. Diese Information (einschlie\u00dflich Ihrer IP-Adresse) wird von Ihrem Browser direkt an einen Server des jeweiligen Anbieters (z. B. in den USA, Irland, Deutschland) \u00fcbermittelt und dort gespeichert.<\/p>\n<p>Sind Sie bei dem jeweiligen Dienst eingeloggt, kann der jeweilige Anbieter den Besuch unserer Website Ihrem Profil unmittelbar zuordnen. Wenn Sie mit den Plug-ins\u202finteragieren, zum Beispiel den \u201eGef\u00e4llt mir\u201c -Button bet\u00e4tigen, wird die entsprechende Information ebenfalls\u00a0direkt an einen Server des jeweiligen Anbieters \u00fcbermittelt und dort gespeichert. Die Informationen werden au\u00dferdem im jeweiligen Social Media Netzwerk ver\u00f6ffentlicht und dort Ihren Kontakten oder sonstigen Besuchern angezeigt.<br \/>\nZweck und Umfang der Datenerhebung und die weitere Verarbeitung und Nutzung der Daten durch die Anbieter sowie Ihre diesbez\u00fcglichen Rechte und Einstellungsm\u00f6glichkeiten zum Schutz Ihrer Privatsph\u00e4re entnehmen Sie bitte den Datenschutzhinweisen von<\/p>\n<p>Google: <a href=\"https:\/\/www.google.de\/intl\/de\/policies\/privacy\" target=\"_blank\" rel=\"noopener\">https:\/\/www.google.de\/intl\/de\/policies\/privacy<\/a><\/p>\n<p>Vimeo: <a href=\"https:\/\/vimeo.com\/privacy\" target=\"_blank\" rel=\"noopener\">https:\/\/vimeo.com\/privacy<\/a><\/p>\n<p>Rechtsgrundlage f\u00fcr die \u00dcbermittlung Ihrer Daten ist Ihre Einwilligung nach Art. 6 Abs. 1 S. 1 lit. a DSGVO.<\/p>\n<h2><span class=\"ez-toc-section\" id=\"12_Ihre_Rechte_in_Bezug_auf_die_Verarbeitung_Ihrer_personenbezogenen_Daten\"><\/span>12. Ihre Rechte in Bezug auf die Verarbeitung Ihrer personenbezogenen Daten<span class=\"ez-toc-section-end\"><\/span><\/h2>\n<p>Bez\u00fcglich der Verarbeitung personenbezogener Daten haben Sie verschiedene Rechte, \u00fcber die wir Sie nachstehend informieren m\u00f6chten. Einzelheiten zu Ihren Rechten finden Sie zudem in den Artikeln 15 bis 21 DSGVO sowie den \u00a7\u00a7 32 bis 37 Bundesdatenschutzgesetz (&#8220;BDSG&#8221;).<br \/>\nSie haben das Recht, \u00fcber Ihre personenbezogenen Daten Auskunft zu erhalten. Sie k\u00f6nnen auch die Berichtigung unrichtiger Daten verlangen.<br \/>\nDar\u00fcber hinaus stehen Ihnen unter bestimmten Voraussetzungen das Recht auf L\u00f6schung von Daten, das Recht auf Einschr\u00e4nkung der Datenverarbeitung sowie das Recht auf Daten\u00fcbertragbarkeit zu. Gegen Verarbeitungen auf Grundlage von Art. 6 Abs. 1 lit f) DSGVO k\u00f6nnen Sie Widerspruch einlegen, ebenso wie gegen eine evtl. Profilbildung nach Art. 21 DSGVO. Einwilligungen, die Sie im Rahmen der Websitenutzung erteilt haben, k\u00f6nnen Sie formlos und ohne Angabe von Gr\u00fcnden jederzeit mit Wirkung f\u00fcr die Zukunft widerrufen.<br \/>\nS\u00e4mtliche vorstehenden Rechte gem\u00e4\u00df Art. 15 bis 21 DSGVO k\u00f6nnen Sie gegen\u00fcber dem Verantwortlichen formlos per E-Mail oder Post geltend machen.<br \/>\nSie haben auch das Recht, sich bei der zust\u00e4ndigen Aufsichtsbeh\u00f6rde f\u00fcr den Datenschutz zu beschweren, wenn Sie der Ansicht sind, dass die Verarbeitung Ihrer Daten unrechtm\u00e4\u00dfig ist. Eine Liste der Datenschutzbeauftragten sowie deren Kontaktdaten finden Sie unter:<br \/>\nhttps:\/\/www.bfdi.bund.de\/DE\/Infothek\/Anschriften_Links\/anschriften_links-node.html<\/p>\n<p>Sollten Sie Fragen zum Datenschutz haben, k\u00f6nnen Sie sich gerne an unseren externen Datenschutzbeauftragten wenden:<br \/>\nDavid Gabel &#8211; Email: david.gabel(at)dsgvo-support.de<br \/>\nAllgemeine Hinweise zum Datenschutz und zur Verarbeitung personen-bezogener Daten in Datenschutzprozessen finden Sie unter <a href=\"https:\/\/www.dsgvo-support.de\" target=\"_blank\" rel=\"noopener\">https:\/\/www.dsgvo-support.de<\/a><\/p>\n<\/div><\/div><\/div><\/div><\/div><\/p>\n","protected":false},"excerpt":{"rendered":"","protected":false},"author":1,"featured_media":0,"parent":0,"menu_order":0,"comment_status":"closed","ping_status":"open","template":"","meta":{"footnotes":""},"class_list":["post-1092","page","type-page","status-publish","hentry"],"_links":{"self":[{"href":"https:\/\/icra-investigation.de\/en\/wp-json\/wp\/v2\/pages\/1092","targetHints":{"allow":["GET"]}}],"collection":[{"href":"https:\/\/icra-investigation.de\/en\/wp-json\/wp\/v2\/pages"}],"about":[{"href":"https:\/\/icra-investigation.de\/en\/wp-json\/wp\/v2\/types\/page"}],"author":[{"embeddable":true,"href":"https:\/\/icra-investigation.de\/en\/wp-json\/wp\/v2\/users\/1"}],"replies":[{"embeddable":true,"href":"https:\/\/icra-investigation.de\/en\/wp-json\/wp\/v2\/comments?post=1092"}],"version-history":[{"count":0,"href":"https:\/\/icra-investigation.de\/en\/wp-json\/wp\/v2\/pages\/1092\/revisions"}],"wp:attachment":[{"href":"https:\/\/icra-investigation.de\/en\/wp-json\/wp\/v2\/media?parent=1092"}],"curies":[{"name":"wp","href":"https:\/\/api.w.org\/{rel}","templated":true}]}}